{"id":959,"date":"2020-10-22T10:01:25","date_gmt":"2020-10-22T10:01:25","guid":{"rendered":"https:\/\/estudios.red\/index.php\/pricing-faq\/"},"modified":"2021-06-01T10:58:22","modified_gmt":"2021-06-01T10:58:22","slug":"quienes-somos","status":"publish","type":"page","link":"https:\/\/estudios.red\/index.php\/quienes-somos\/","title":{"rendered":"Qui\u00e9nes Somos"},"content":{"rendered":"\n<div class=\"wp-block-cover alignfull has-background-dim-80 has-background-dim\" style=\"background-color:#007991;min-height:480px;aspect-ratio:unset;\"><img loading=\"lazy\" decoding=\"async\" width=\"1920\" height=\"700\" class=\"wp-block-cover__image-background wp-image-167\" alt=\"\" src=\"https:\/\/estudios.red\/wp-content\/uploads\/2020\/02\/bg-05-free-img.jpg\" data-object-fit=\"cover\" srcset=\"https:\/\/estudios.red\/wp-content\/uploads\/2020\/02\/bg-05-free-img.jpg 1920w, https:\/\/estudios.red\/wp-content\/uploads\/2020\/02\/bg-05-free-img-300x109.jpg 300w, https:\/\/estudios.red\/wp-content\/uploads\/2020\/02\/bg-05-free-img-1024x373.jpg 1024w, https:\/\/estudios.red\/wp-content\/uploads\/2020\/02\/bg-05-free-img-768x280.jpg 768w, https:\/\/estudios.red\/wp-content\/uploads\/2020\/02\/bg-05-free-img-1536x560.jpg 1536w\" sizes=\"auto, (max-width: 1920px) 100vw, 1920px\" \/><div class=\"wp-block-cover__inner-container is-layout-flow wp-block-cover-is-layout-flow\">\n<h1 class=\"has-white-color has-text-color wp-block-heading\"><em>Qui\u00e9nes Somos<\/em><\/h1>\n\n\n\n<p>Un equipo de personas entusiastas por mejorar la informaci\u00f3n sobre la educaci\u00f3n, sus instituciones y los m\u00e9todos de ense\u00f1anza. <\/p>\n<\/div><\/div>\n\n\n\n<div class=\"wp-block-group alignfull has-white-background-color has-background\"><div class=\"wp-block-group__inner-container is-layout-flow wp-block-group-is-layout-flow\">\n<div class=\"wp-block-columns are-vertically-aligned-center is-layout-flex wp-container-core-columns-is-layout-28f84493 wp-block-columns-is-layout-flex\">\n<div class=\"wp-block-column is-vertically-aligned-center is-layout-flow wp-block-column-is-layout-flow\" style=\"flex-basis:33.33%\">\n<h6 class=\"wp-block-heading\">Empresa<\/h6>\n\n\n\n<h2 class=\"wp-block-heading\">ENET Consulting<\/h2>\n<\/div>\n\n\n\n<div class=\"wp-block-column is-vertically-aligned-center is-layout-flow wp-block-column-is-layout-flow\" style=\"flex-basis:66.66%\">\n<p><a href=\"https:\/\/enet.consulting\">ENET Consulting<\/a> es una empresa que realiza estudios de mercado a nivel global. Cuenta con una larga trayectoria y con amplia experiencia en el sector educativo. ESTUDIOS.RED es una iniciativa promovida por ENET Consulting. El objetivo que perseguimos es convertir esta plataforma en una asociaci\u00f3n sin \u00e1nimo de lucro en el momento en que cuente con suficientes colaboradores.<\/p>\n<\/div>\n<\/div>\n<\/div><\/div>\n\n\n\n<div class=\"wp-block-group alignfull has-white-background-color has-background\"><div class=\"wp-block-group__inner-container is-layout-flow wp-block-group-is-layout-flow\">\n<div class=\"wp-block-columns are-vertically-aligned-top is-layout-flex wp-container-core-columns-is-layout-28f84493 wp-block-columns-is-layout-flex\">\n<div class=\"wp-block-column is-vertically-aligned-top is-layout-flow wp-block-column-is-layout-flow\" style=\"flex-basis:33.33%\">\n<h6 class=\"wp-block-heading\">Preguntas frecuentes<\/h6>\n\n\n\n<h2 class=\"wp-block-heading\">FAQ&#8217;s<\/h2>\n\n\n\n<p>Estas son las respuestas a algunas de las preguntas que nos hacen con m\u00e1s frecuencia.<\/p>\n<\/div>\n\n\n\n<div class=\"wp-block-column is-vertically-aligned-top is-layout-flow wp-block-column-is-layout-flow\" style=\"flex-basis:66.66%\">\n<div class=\"wp-block-group has-background\" style=\"background-color:#f3f3f3\"><div class=\"wp-block-group__inner-container is-layout-flow wp-block-group-is-layout-flow\">\n<h5 class=\"wp-block-heading\">\u00bfQu\u00e9 valor a\u00f1adido aporta estudios.red?<\/h5>\n\n\n\n<p>Los rankings internacionales est\u00e1n muy bien dise\u00f1ados, y de hecho se utilizan en la elaboraci\u00f3n del ranking magistri, pero adolecen de informaci\u00f3n que consideramos de vital importancia. La mayor\u00eda de los rankings no tiene en cuenta la excelencia del docente. <\/p>\n<\/div><\/div>\n\n\n\n<p><\/p>\n\n\n\n<div class=\"wp-block-group has-background\" style=\"background-color:#f3f3f3\"><div class=\"wp-block-group__inner-container is-layout-flow wp-block-group-is-layout-flow\">\n<h5 class=\"wp-block-heading\">\u00bfC\u00f3mo puede estudios.red mejorar otros rankings internacionales?<\/h5>\n\n\n\n<p>La mejora ser\u00e1 progresiva, y cada a\u00f1o incorporaremos informaci\u00f3n adicional. Un alumno\/a que desea estudiar Administraci\u00f3n y Direcci\u00f3n de Empresas, valorar\u00e1 positivamente si entre el equipo docente hay profesores con amplia experiencia en este campo. Un alumno\/a que desea cursar estudios relacionados con la actividad f\u00edsica y el deporte valorar\u00e1n de forma positiva si entre sus profesores hay medallas ol\u00edmpicas. Este tipo de informaci\u00f3n, importante para el alumno y para la calidad de la ense\u00f1anza, no se refleja suficientemente bien en la mayor\u00eda de los rankings internacionales. <\/p>\n<\/div><\/div>\n\n\n\n<p><\/p>\n\n\n\n<div class=\"wp-block-group has-background\" style=\"background-color:#f3f3f3\"><div class=\"wp-block-group__inner-container is-layout-flow wp-block-group-is-layout-flow\">\n<h5 class=\"wp-block-heading\">\u00bfC\u00f3mo puedo colaborar con estudios.red?<\/h5>\n\n\n\n<p>Si tienes experiencia como docente, tal vez te interese publicar alg\u00fan art\u00edculo, al cual le daremos visibilidad. Si eres alumno de alguna instituci\u00f3n y quieres aportar informaci\u00f3n que consideras relevante, tambi\u00e9n nos interesar\u00e1 conocer todo lo que tienes que decir. Estamos abiertos a cualquier sugerencia. Puedes contactar con nosotros a trav\u00e9s del <a href=\"https:\/\/estudios.red\/index.php\/contacto\/\">formulario de contacto<\/a> o bien por <a href=\"mailto:info@estudios.red\">correo electr\u00f3nico<\/a>.<\/p>\n<\/div><\/div>\n<\/div>\n<\/div>\n<\/div><\/div>\n\n\n\n<div class=\"wp-block-columns is-layout-flex wp-container-core-columns-is-layout-28f84493 wp-block-columns-is-layout-flex\">\n<div class=\"wp-block-column is-layout-flow wp-block-column-is-layout-flow\">\n<div class=\"wp-block-cover has-luminous-vivid-amber-background-color has-background-dim\"><img loading=\"lazy\" decoding=\"async\" width=\"1880\" height=\"1253\" class=\"wp-block-cover__image-background wp-image-1400\" alt=\"\" src=\"https:\/\/estudios.red\/wp-content\/uploads\/2020\/10\/pexels-photo-5212320.jpeg\" data-object-fit=\"cover\" srcset=\"https:\/\/estudios.red\/wp-content\/uploads\/2020\/10\/pexels-photo-5212320.jpeg 1880w, https:\/\/estudios.red\/wp-content\/uploads\/2020\/10\/pexels-photo-5212320-300x200.jpeg 300w, https:\/\/estudios.red\/wp-content\/uploads\/2020\/10\/pexels-photo-5212320-1024x682.jpeg 1024w, https:\/\/estudios.red\/wp-content\/uploads\/2020\/10\/pexels-photo-5212320-768x512.jpeg 768w, https:\/\/estudios.red\/wp-content\/uploads\/2020\/10\/pexels-photo-5212320-1536x1024.jpeg 1536w\" sizes=\"auto, (max-width: 1880px) 100vw, 1880px\" \/><div class=\"wp-block-cover__inner-container is-layout-flow wp-block-cover-is-layout-flow\">\n<p class=\"has-text-align-center has-light-green-cyan-background-color has-background has-large-font-size\">\u00bfQuieres convertirte en colaborador de ESTUDIOS.RED?<\/p>\n<\/div><\/div>\n<\/div>\n\n\n\n<div class=\"wp-block-column is-layout-flow wp-block-column-is-layout-flow\">\n<p class=\"has-large-font-size\"><em><strong>Ponte en contacto con nosotros<\/strong><\/em><\/p>\n\n\n\n<p><em><strong>Utiliza el <a href=\"https:\/\/estudios.red\/index.php\/contacto\/\">formulario de contacto<\/a>. Indica brevemente su experiencia en el mundo acad\u00e9mico y no te olvides de enviarnos tu tel\u00e9fono de contacto para que podamos llamarte.<\/strong><\/em><\/p>\n<\/div>\n<\/div>\n\n\n\n<div class=\"wp-block-group alignfull has-background\" style=\"background-color:#ecf0f2\"><div class=\"wp-block-group__inner-container is-layout-flow wp-block-group-is-layout-flow\">\n<h2 class=\"has-text-align-center wp-block-heading\">Opina<\/h2>\n\n\n\n<p class=\"has-text-align-center\">Si quieres opinar sobre alguna Instituci\u00f3n Educativa, puedes hacerlo pulsando este bot\u00f3n. Las opiniones son an\u00f3nimas y tratadas con absoluta confidencialidad.<\/p>\n\n\n\n<div class=\"wp-block-buttons is-content-justification-center is-layout-flex wp-block-buttons-is-layout-flex\">\n<div class=\"wp-block-button\"><a class=\"wp-block-button__link\" href=\"mailto:info@estudios.red\">Opinar<\/a><\/div>\n<\/div>\n\n\n\n<p><\/p>\n<\/div><\/div>\n","protected":false},"excerpt":{"rendered":"<p>Empresa ENET Consulting ENET Consulting es una empresa que realiza estudios de mercado a nivel global. Cuenta con una larga trayectoria y con amplia experiencia en el sector educativo. ESTUDIOS.RED es una iniciativa promovida por ENET Consulting. El objetivo que perseguimos es convertir esta plataforma en una asociaci\u00f3n sin \u00e1nimo de lucro en el momento [&hellip;]<\/p>\n","protected":false},"author":1,"featured_media":0,"parent":0,"menu_order":0,"comment_status":"closed","ping_status":"closed","template":"","meta":{"site-sidebar-layout":"no-sidebar","site-content-layout":"plain-container","ast-site-content-layout":"default","site-content-style":"default","site-sidebar-style":"default","ast-global-header-display":"","ast-banner-title-visibility":"","ast-main-header-display":"","ast-hfb-above-header-display":"","ast-hfb-below-header-display":"","ast-hfb-mobile-header-display":"","site-post-title":"disabled","ast-breadcrumbs-content":"disabled","ast-featured-img":"disabled","footer-sml-layout":"","theme-transparent-header-meta":"enabled","adv-header-id-meta":"","stick-header-meta":"","header-above-stick-meta":"","header-main-stick-meta":"","header-below-stick-meta":"","astra-migrate-meta-layouts":"default","ast-page-background-enabled":"default","ast-page-background-meta":{"desktop":{"background-color":"","background-image":"","background-repeat":"repeat","background-position":"center center","background-size":"auto","background-attachment":"scroll","background-type":"","background-media":"","overlay-type":"","overlay-color":"","overlay-opacity":"","overlay-gradient":""},"tablet":{"background-color":"","background-image":"","background-repeat":"repeat","background-position":"center center","background-size":"auto","background-attachment":"scroll","background-type":"","background-media":"","overlay-type":"","overlay-color":"","overlay-opacity":"","overlay-gradient":""},"mobile":{"background-color":"","background-image":"","background-repeat":"repeat","background-position":"center center","background-size":"auto","background-attachment":"scroll","background-type":"","background-media":"","overlay-type":"","overlay-color":"","overlay-opacity":"","overlay-gradient":""}},"ast-content-background-meta":{"desktop":{"background-color":"var(--ast-global-color-5)","background-image":"","background-repeat":"repeat","background-position":"center center","background-size":"auto","background-attachment":"scroll","background-type":"","background-media":"","overlay-type":"","overlay-color":"","overlay-opacity":"","overlay-gradient":""},"tablet":{"background-color":"var(--ast-global-color-5)","background-image":"","background-repeat":"repeat","background-position":"center center","background-size":"auto","background-attachment":"scroll","background-type":"","background-media":"","overlay-type":"","overlay-color":"","overlay-opacity":"","overlay-gradient":""},"mobile":{"background-color":"var(--ast-global-color-5)","background-image":"","background-repeat":"repeat","background-position":"center center","background-size":"auto","background-attachment":"scroll","background-type":"","background-media":"","overlay-type":"","overlay-color":"","overlay-opacity":"","overlay-gradient":""}},"footnotes":""},"class_list":["post-959","page","type-page","status-publish","hentry"],"yoast_head":"<!-- This site is optimized with the Yoast SEO plugin v27.4 - https:\/\/yoast.com\/product\/yoast-seo-wordpress\/ -->\n<title>Qui\u00e9nes Somos - ESTUDIOS.RED<\/title>\n<meta name=\"description\" content=\"estudios.red es una plataforma que busca mejorar la informaci\u00f3n disponible a nivel global sobre instituciones educativas.\" \/>\n<meta name=\"robots\" content=\"index, follow, max-snippet:-1, max-image-preview:large, max-video-preview:-1\" \/>\n<link rel=\"canonical\" href=\"https:\/\/estudios.red\/index.php\/quienes-somos\/\" \/>\n<meta property=\"og:locale\" content=\"es_ES\" \/>\n<meta property=\"og:type\" content=\"article\" \/>\n<meta property=\"og:title\" content=\"Qui\u00e9nes Somos - ESTUDIOS.RED\" \/>\n<meta property=\"og:description\" content=\"estudios.red es una plataforma que busca mejorar la informaci\u00f3n disponible a nivel global sobre instituciones educativas.\" \/>\n<meta property=\"og:url\" content=\"https:\/\/estudios.red\/index.php\/quienes-somos\/\" \/>\n<meta property=\"og:site_name\" content=\"ESTUDIOS.RED\" \/>\n<meta property=\"article:modified_time\" content=\"2021-06-01T10:58:22+00:00\" \/>\n<meta property=\"og:image\" content=\"https:\/\/estudios.red\/wp-content\/uploads\/2020\/02\/bg-05-free-img.jpg\" \/>\n<meta name=\"twitter:card\" content=\"summary_large_image\" \/>\n<meta name=\"twitter:label1\" content=\"Tiempo de lectura\" \/>\n\t<meta name=\"twitter:data1\" content=\"2 minutos\" \/>\n<script type=\"application\/ld+json\" class=\"yoast-schema-graph\">{\"@context\":\"https:\\\/\\\/schema.org\",\"@graph\":[{\"@type\":\"WebPage\",\"@id\":\"https:\\\/\\\/estudios.red\\\/index.php\\\/quienes-somos\\\/\",\"url\":\"https:\\\/\\\/estudios.red\\\/index.php\\\/quienes-somos\\\/\",\"name\":\"Qui\u00e9nes Somos - ESTUDIOS.RED\",\"isPartOf\":{\"@id\":\"https:\\\/\\\/estudios.red\\\/#website\"},\"primaryImageOfPage\":{\"@id\":\"https:\\\/\\\/estudios.red\\\/index.php\\\/quienes-somos\\\/#primaryimage\"},\"image\":{\"@id\":\"https:\\\/\\\/estudios.red\\\/index.php\\\/quienes-somos\\\/#primaryimage\"},\"thumbnailUrl\":\"https:\\\/\\\/estudios.red\\\/wp-content\\\/uploads\\\/2020\\\/02\\\/bg-05-free-img.jpg\",\"datePublished\":\"2020-10-22T10:01:25+00:00\",\"dateModified\":\"2021-06-01T10:58:22+00:00\",\"description\":\"estudios.red es una plataforma que busca mejorar la informaci\u00f3n disponible a nivel global sobre instituciones educativas.\",\"breadcrumb\":{\"@id\":\"https:\\\/\\\/estudios.red\\\/index.php\\\/quienes-somos\\\/#breadcrumb\"},\"inLanguage\":\"es\",\"potentialAction\":[{\"@type\":\"ReadAction\",\"target\":[\"https:\\\/\\\/estudios.red\\\/index.php\\\/quienes-somos\\\/\"]}]},{\"@type\":\"ImageObject\",\"inLanguage\":\"es\",\"@id\":\"https:\\\/\\\/estudios.red\\\/index.php\\\/quienes-somos\\\/#primaryimage\",\"url\":\"https:\\\/\\\/estudios.red\\\/wp-content\\\/uploads\\\/2020\\\/02\\\/bg-05-free-img.jpg\",\"contentUrl\":\"https:\\\/\\\/estudios.red\\\/wp-content\\\/uploads\\\/2020\\\/02\\\/bg-05-free-img.jpg\",\"width\":1920,\"height\":700,\"caption\":\"Background Image\"},{\"@type\":\"BreadcrumbList\",\"@id\":\"https:\\\/\\\/estudios.red\\\/index.php\\\/quienes-somos\\\/#breadcrumb\",\"itemListElement\":[{\"@type\":\"ListItem\",\"position\":1,\"name\":\"Portada\",\"item\":\"https:\\\/\\\/estudios.red\\\/\"},{\"@type\":\"ListItem\",\"position\":2,\"name\":\"Qui\u00e9nes Somos\"}]},{\"@type\":\"WebSite\",\"@id\":\"https:\\\/\\\/estudios.red\\\/#website\",\"url\":\"https:\\\/\\\/estudios.red\\\/\",\"name\":\"ESTUDIOS.RED\",\"description\":\"RED DE CENTROS EDUCATIVOS\",\"publisher\":{\"@id\":\"https:\\\/\\\/estudios.red\\\/#organization\"},\"potentialAction\":[{\"@type\":\"SearchAction\",\"target\":{\"@type\":\"EntryPoint\",\"urlTemplate\":\"https:\\\/\\\/estudios.red\\\/?s={search_term_string}\"},\"query-input\":{\"@type\":\"PropertyValueSpecification\",\"valueRequired\":true,\"valueName\":\"search_term_string\"}}],\"inLanguage\":\"es\"},{\"@type\":\"Organization\",\"@id\":\"https:\\\/\\\/estudios.red\\\/#organization\",\"name\":\"ESTUDIOS.RED\",\"url\":\"https:\\\/\\\/estudios.red\\\/\",\"logo\":{\"@type\":\"ImageObject\",\"inLanguage\":\"es\",\"@id\":\"https:\\\/\\\/estudios.red\\\/#\\\/schema\\\/logo\\\/image\\\/\",\"url\":\"https:\\\/\\\/estudios.red\\\/wp-content\\\/uploads\\\/2021\\\/04\\\/cropped-logo-estudios-2.png\",\"contentUrl\":\"https:\\\/\\\/estudios.red\\\/wp-content\\\/uploads\\\/2021\\\/04\\\/cropped-logo-estudios-2.png\",\"width\":562,\"height\":450,\"caption\":\"ESTUDIOS.RED\"},\"image\":{\"@id\":\"https:\\\/\\\/estudios.red\\\/#\\\/schema\\\/logo\\\/image\\\/\"}}]}<\/script>\n<!-- \/ Yoast SEO plugin. -->","yoast_head_json":{"title":"Qui\u00e9nes Somos - ESTUDIOS.RED","description":"estudios.red es una plataforma que busca mejorar la informaci\u00f3n disponible a nivel global sobre instituciones educativas.","robots":{"index":"index","follow":"follow","max-snippet":"max-snippet:-1","max-image-preview":"max-image-preview:large","max-video-preview":"max-video-preview:-1"},"canonical":"https:\/\/estudios.red\/index.php\/quienes-somos\/","og_locale":"es_ES","og_type":"article","og_title":"Qui\u00e9nes Somos - ESTUDIOS.RED","og_description":"estudios.red es una plataforma que busca mejorar la informaci\u00f3n disponible a nivel global sobre instituciones educativas.","og_url":"https:\/\/estudios.red\/index.php\/quienes-somos\/","og_site_name":"ESTUDIOS.RED","article_modified_time":"2021-06-01T10:58:22+00:00","og_image":[{"url":"https:\/\/estudios.red\/wp-content\/uploads\/2020\/02\/bg-05-free-img.jpg","type":"","width":"","height":""}],"twitter_card":"summary_large_image","twitter_misc":{"Tiempo de lectura":"2 minutos"},"schema":{"@context":"https:\/\/schema.org","@graph":[{"@type":"WebPage","@id":"https:\/\/estudios.red\/index.php\/quienes-somos\/","url":"https:\/\/estudios.red\/index.php\/quienes-somos\/","name":"Qui\u00e9nes Somos - ESTUDIOS.RED","isPartOf":{"@id":"https:\/\/estudios.red\/#website"},"primaryImageOfPage":{"@id":"https:\/\/estudios.red\/index.php\/quienes-somos\/#primaryimage"},"image":{"@id":"https:\/\/estudios.red\/index.php\/quienes-somos\/#primaryimage"},"thumbnailUrl":"https:\/\/estudios.red\/wp-content\/uploads\/2020\/02\/bg-05-free-img.jpg","datePublished":"2020-10-22T10:01:25+00:00","dateModified":"2021-06-01T10:58:22+00:00","description":"estudios.red es una plataforma que busca mejorar la informaci\u00f3n disponible a nivel global sobre instituciones educativas.","breadcrumb":{"@id":"https:\/\/estudios.red\/index.php\/quienes-somos\/#breadcrumb"},"inLanguage":"es","potentialAction":[{"@type":"ReadAction","target":["https:\/\/estudios.red\/index.php\/quienes-somos\/"]}]},{"@type":"ImageObject","inLanguage":"es","@id":"https:\/\/estudios.red\/index.php\/quienes-somos\/#primaryimage","url":"https:\/\/estudios.red\/wp-content\/uploads\/2020\/02\/bg-05-free-img.jpg","contentUrl":"https:\/\/estudios.red\/wp-content\/uploads\/2020\/02\/bg-05-free-img.jpg","width":1920,"height":700,"caption":"Background Image"},{"@type":"BreadcrumbList","@id":"https:\/\/estudios.red\/index.php\/quienes-somos\/#breadcrumb","itemListElement":[{"@type":"ListItem","position":1,"name":"Portada","item":"https:\/\/estudios.red\/"},{"@type":"ListItem","position":2,"name":"Qui\u00e9nes Somos"}]},{"@type":"WebSite","@id":"https:\/\/estudios.red\/#website","url":"https:\/\/estudios.red\/","name":"ESTUDIOS.RED","description":"RED DE CENTROS EDUCATIVOS","publisher":{"@id":"https:\/\/estudios.red\/#organization"},"potentialAction":[{"@type":"SearchAction","target":{"@type":"EntryPoint","urlTemplate":"https:\/\/estudios.red\/?s={search_term_string}"},"query-input":{"@type":"PropertyValueSpecification","valueRequired":true,"valueName":"search_term_string"}}],"inLanguage":"es"},{"@type":"Organization","@id":"https:\/\/estudios.red\/#organization","name":"ESTUDIOS.RED","url":"https:\/\/estudios.red\/","logo":{"@type":"ImageObject","inLanguage":"es","@id":"https:\/\/estudios.red\/#\/schema\/logo\/image\/","url":"https:\/\/estudios.red\/wp-content\/uploads\/2021\/04\/cropped-logo-estudios-2.png","contentUrl":"https:\/\/estudios.red\/wp-content\/uploads\/2021\/04\/cropped-logo-estudios-2.png","width":562,"height":450,"caption":"ESTUDIOS.RED"},"image":{"@id":"https:\/\/estudios.red\/#\/schema\/logo\/image\/"}}]}},"_links":{"self":[{"href":"https:\/\/estudios.red\/index.php\/wp-json\/wp\/v2\/pages\/959","targetHints":{"allow":["GET"]}}],"collection":[{"href":"https:\/\/estudios.red\/index.php\/wp-json\/wp\/v2\/pages"}],"about":[{"href":"https:\/\/estudios.red\/index.php\/wp-json\/wp\/v2\/types\/page"}],"author":[{"embeddable":true,"href":"https:\/\/estudios.red\/index.php\/wp-json\/wp\/v2\/users\/1"}],"replies":[{"embeddable":true,"href":"https:\/\/estudios.red\/index.php\/wp-json\/wp\/v2\/comments?post=959"}],"version-history":[{"count":5,"href":"https:\/\/estudios.red\/index.php\/wp-json\/wp\/v2\/pages\/959\/revisions"}],"predecessor-version":[{"id":1448,"href":"https:\/\/estudios.red\/index.php\/wp-json\/wp\/v2\/pages\/959\/revisions\/1448"}],"wp:attachment":[{"href":"https:\/\/estudios.red\/index.php\/wp-json\/wp\/v2\/media?parent=959"}],"curies":[{"name":"wp","href":"https:\/\/api.w.org\/{rel}","templated":true}]}}