{"id":958,"date":"2020-10-22T10:01:06","date_gmt":"2020-10-22T10:01:06","guid":{"rendered":"https:\/\/estudios.red\/index.php\/instructors\/"},"modified":"2021-06-01T10:18:35","modified_gmt":"2021-06-01T10:18:35","slug":"informes","status":"publish","type":"page","link":"https:\/\/estudios.red\/index.php\/informes\/","title":{"rendered":"Informes"},"content":{"rendered":"\n<div class=\"wp-block-cover alignfull has-background-dim-80 has-background-dim\" style=\"background-color:#007991;min-height:480px;aspect-ratio:unset;\"><img loading=\"lazy\" decoding=\"async\" width=\"1920\" height=\"700\" class=\"wp-block-cover__image-background wp-image-166\" alt=\"\" src=\"https:\/\/estudios.red\/wp-content\/uploads\/2020\/02\/bg-04-free-img.jpg\" data-object-fit=\"cover\" srcset=\"https:\/\/estudios.red\/wp-content\/uploads\/2020\/02\/bg-04-free-img.jpg 1920w, https:\/\/estudios.red\/wp-content\/uploads\/2020\/02\/bg-04-free-img-300x109.jpg 300w, https:\/\/estudios.red\/wp-content\/uploads\/2020\/02\/bg-04-free-img-1024x373.jpg 1024w, https:\/\/estudios.red\/wp-content\/uploads\/2020\/02\/bg-04-free-img-768x280.jpg 768w, https:\/\/estudios.red\/wp-content\/uploads\/2020\/02\/bg-04-free-img-1536x560.jpg 1536w\" sizes=\"auto, (max-width: 1920px) 100vw, 1920px\" \/><div class=\"wp-block-cover__inner-container is-layout-flow wp-block-cover-is-layout-flow\">\n<h1 class=\"has-white-color has-text-color wp-block-heading\">Informes<\/h1>\n\n\n\n<p>Recursos y documentos relacionados con el mundo educativo.<\/p>\n<\/div><\/div>\n\n\n\n<div class=\"wp-block-group alignfull has-white-background-color has-background\"><div class=\"wp-block-group__inner-container is-layout-flow wp-block-group-is-layout-flow\">\n<div class=\"wp-block-columns are-vertically-aligned-center is-layout-flex wp-container-core-columns-is-layout-28f84493 wp-block-columns-is-layout-flex\">\n<div class=\"wp-block-column is-vertically-aligned-center is-layout-flow wp-block-column-is-layout-flow\" style=\"flex-basis:33.33%\">\n<h6 class=\"wp-block-heading\">Nivel del alumnado<\/h6>\n\n\n\n<h2 class=\"wp-block-heading\">Informe PISA<\/h2>\n<\/div>\n\n\n\n<div class=\"wp-block-column is-vertically-aligned-center is-layout-flow wp-block-column-is-layout-flow\" style=\"flex-basis:66.66%\">\n<p>PISA, Programme for International Student Assessment, en ingl\u00e9s) contribuye a evaluar de forma sistem\u00e1tica lo que los j\u00f3venes saben y son capaces de hacer al finalizar su Educaci\u00f3n Secundaria Obligatoria (ESO) en m\u00e1s de 80 pa\u00edses del mundo.<\/p>\n<\/div>\n<\/div>\n\n\n\n<hr class=\"wp-block-separator is-style-wide\"\/>\n\n\n\n<div class=\"wp-block-columns is-layout-flex wp-container-core-columns-is-layout-28f84493 wp-block-columns-is-layout-flex\">\n<div class=\"wp-block-column is-layout-flow wp-block-column-is-layout-flow\">\n<div class=\"wp-block-cover has-background-dim-80 has-light-green-cyan-background-color has-background-dim\"><img loading=\"lazy\" decoding=\"async\" width=\"1880\" height=\"1253\" class=\"wp-block-cover__image-background wp-image-1352\" alt=\"\" src=\"https:\/\/estudios.red\/wp-content\/uploads\/2020\/10\/pexels-photo-8127326.jpeg\" style=\"object-position:32% 53%\" data-object-fit=\"cover\" data-object-position=\"32% 53%\" srcset=\"https:\/\/estudios.red\/wp-content\/uploads\/2020\/10\/pexels-photo-8127326.jpeg 1880w, https:\/\/estudios.red\/wp-content\/uploads\/2020\/10\/pexels-photo-8127326-300x200.jpeg 300w, https:\/\/estudios.red\/wp-content\/uploads\/2020\/10\/pexels-photo-8127326-1024x682.jpeg 1024w, https:\/\/estudios.red\/wp-content\/uploads\/2020\/10\/pexels-photo-8127326-768x512.jpeg 768w, https:\/\/estudios.red\/wp-content\/uploads\/2020\/10\/pexels-photo-8127326-1536x1024.jpeg 1536w\" sizes=\"auto, (max-width: 1880px) 100vw, 1880px\" \/><div class=\"wp-block-cover__inner-container is-layout-flow wp-block-cover-is-layout-flow\">\n<p class=\"has-text-align-center has-luminous-vivid-amber-background-color has-background has-large-font-size\"><a href=\"https:\/\/read.oecd.org\/10.1787\/a83d84cb-en?format=pdf\">\u00daltimo informe PISA<\/a><\/p>\n\n\n\n<p class=\"has-text-align-center\">Gr\u00e1fica comparativa entre pa\u00edses<\/p>\n<\/div><\/div>\n<\/div>\n\n\n\n<div class=\"wp-block-column is-layout-flow wp-block-column-is-layout-flow\">\n<p class=\"has-text-align-center\"><strong>\u00bfC\u00f3mo funciona PISA?<\/strong> <\/p>\n\n\n\n<figure class=\"wp-block-embed is-type-video is-provider-youtube wp-block-embed-youtube wp-embed-aspect-16-9 wp-has-aspect-ratio\"><div class=\"wp-block-embed__wrapper\">\n<iframe loading=\"lazy\" title=\"\u00bfC\u00f3mo funciona PISA?\" width=\"500\" height=\"281\" src=\"https:\/\/www.youtube.com\/embed\/trezrgBonJ4?feature=oembed\" frameborder=\"0\" allow=\"accelerometer; autoplay; clipboard-write; encrypted-media; gyroscope; picture-in-picture; web-share\" referrerpolicy=\"strict-origin-when-cross-origin\" allowfullscreen><\/iframe>\n<\/div><\/figure>\n<\/div>\n<\/div>\n<\/div><\/div>\n\n\n\n<div class=\"wp-block-media-text alignwide is-stacked-on-mobile\"><figure class=\"wp-block-media-text__media\"><a href=\"unesdoc.unesco.org\/in\/rest\/annotationSVC\/DownloadWatermarkedAttachment\/attach_import_c5a5a1b8-8924-43dd-95cb-b3a72c9df1af?_=375746spa.pdf?to=18&amp;from=1\"><img loading=\"lazy\" decoding=\"async\" width=\"730\" height=\"500\" src=\"https:\/\/estudios.red\/wp-content\/uploads\/2021\/06\/unesxo_futuro_educacion.png\" alt=\"\" class=\"wp-image-1363 size-full\" srcset=\"https:\/\/estudios.red\/wp-content\/uploads\/2021\/06\/unesxo_futuro_educacion.png 730w, https:\/\/estudios.red\/wp-content\/uploads\/2021\/06\/unesxo_futuro_educacion-300x205.png 300w\" sizes=\"auto, (max-width: 730px) 100vw, 730px\" \/><\/a><\/figure><div class=\"wp-block-media-text__content\">\n<p class=\"has-large-font-size\">UNESCO: Los futuros de la educaci\u00f3n<\/p>\n\n\n\n<p>    <a href=\"http:\/\/unesdoc.unesco.org\/in\/rest\/annotationSVC\/DownloadWatermarkedAttachment\/attach_import_c5a5a1b8-8924-43dd-95cb-b3a72c9df1af?_=375746spa.pdf?to=18&amp;from=1\">Informe de la UNESCO. marzo, 2021. 18 p\u00e1ginas<\/a><\/p>\n<\/div><\/div>\n\n\n\n<p class=\"has-large-font-size\">PODCAST sobre educaci\u00f3n (ingl\u00e9s) <\/p>\n\n\n\n<a class=\"wp-block-jetpack-podcast-player jetpack-podcast-player__direct-link\" href=\"https:\/\/anchor.fm\/gem-report\/episodes\/Mission-Recovering-Education-2021-ets4v3\/a-a53l9td\">https:\/\/anchor.fm\/gem-report\/episodes\/Mission-Recovering-Education-2021-ets4v3\/a-a53l9td<\/a>\n\n\n\n<div class=\"wp-block-group alignfull has-background\" style=\"background-color:#ecf0f2\"><div class=\"wp-block-group__inner-container is-layout-flow wp-block-group-is-layout-flow\">\n<h2 class=\"has-text-align-center wp-block-heading\">Opina<\/h2>\n\n\n\n<p class=\"has-text-align-center\">Si quieres opinar sobre alguna Instituci\u00f3n Educativa, puedes hacerlo pulsando este bot\u00f3n. Las opiniones son an\u00f3nimas y tratadas con absoluta confidencialidad.<\/p>\n\n\n\n<div class=\"wp-block-buttons is-content-justification-center is-layout-flex wp-block-buttons-is-layout-flex\">\n<div class=\"wp-block-button\"><a class=\"wp-block-button__link\" href=\"mailto:info@estudios.red\">Opinar<\/a><\/div>\n<\/div>\n\n\n\n<p><\/p>\n<\/div><\/div>\n","protected":false},"excerpt":{"rendered":"<p>Nivel del alumnado Informe PISA PISA, Programme for International Student Assessment, en ingl\u00e9s) contribuye a evaluar de forma sistem\u00e1tica lo que los j\u00f3venes saben y son capaces de hacer al finalizar su Educaci\u00f3n Secundaria Obligatoria (ESO) en m\u00e1s de 80 pa\u00edses del mundo. \u00bfC\u00f3mo funciona PISA? UNESCO: Los futuros de la educaci\u00f3n Informe de la [&hellip;]<\/p>\n","protected":false},"author":1,"featured_media":0,"parent":0,"menu_order":0,"comment_status":"closed","ping_status":"closed","template":"","meta":{"site-sidebar-layout":"no-sidebar","site-content-layout":"plain-container","ast-site-content-layout":"default","site-content-style":"default","site-sidebar-style":"default","ast-global-header-display":"","ast-banner-title-visibility":"","ast-main-header-display":"","ast-hfb-above-header-display":"","ast-hfb-below-header-display":"","ast-hfb-mobile-header-display":"","site-post-title":"disabled","ast-breadcrumbs-content":"disabled","ast-featured-img":"disabled","footer-sml-layout":"","theme-transparent-header-meta":"enabled","adv-header-id-meta":"","stick-header-meta":"","header-above-stick-meta":"","header-main-stick-meta":"","header-below-stick-meta":"","astra-migrate-meta-layouts":"default","ast-page-background-enabled":"default","ast-page-background-meta":{"desktop":{"background-color":"","background-image":"","background-repeat":"repeat","background-position":"center center","background-size":"auto","background-attachment":"scroll","background-type":"","background-media":"","overlay-type":"","overlay-color":"","overlay-opacity":"","overlay-gradient":""},"tablet":{"background-color":"","background-image":"","background-repeat":"repeat","background-position":"center center","background-size":"auto","background-attachment":"scroll","background-type":"","background-media":"","overlay-type":"","overlay-color":"","overlay-opacity":"","overlay-gradient":""},"mobile":{"background-color":"","background-image":"","background-repeat":"repeat","background-position":"center center","background-size":"auto","background-attachment":"scroll","background-type":"","background-media":"","overlay-type":"","overlay-color":"","overlay-opacity":"","overlay-gradient":""}},"ast-content-background-meta":{"desktop":{"background-color":"var(--ast-global-color-5)","background-image":"","background-repeat":"repeat","background-position":"center center","background-size":"auto","background-attachment":"scroll","background-type":"","background-media":"","overlay-type":"","overlay-color":"","overlay-opacity":"","overlay-gradient":""},"tablet":{"background-color":"var(--ast-global-color-5)","background-image":"","background-repeat":"repeat","background-position":"center center","background-size":"auto","background-attachment":"scroll","background-type":"","background-media":"","overlay-type":"","overlay-color":"","overlay-opacity":"","overlay-gradient":""},"mobile":{"background-color":"var(--ast-global-color-5)","background-image":"","background-repeat":"repeat","background-position":"center center","background-size":"auto","background-attachment":"scroll","background-type":"","background-media":"","overlay-type":"","overlay-color":"","overlay-opacity":"","overlay-gradient":""}},"footnotes":""},"class_list":["post-958","page","type-page","status-publish","hentry"],"yoast_head":"<!-- This site is optimized with the Yoast SEO plugin v27.4 - https:\/\/yoast.com\/product\/yoast-seo-wordpress\/ -->\n<title>Informes - ESTUDIOS.RED<\/title>\n<meta name=\"robots\" content=\"index, follow, max-snippet:-1, max-image-preview:large, max-video-preview:-1\" \/>\n<link rel=\"canonical\" href=\"https:\/\/estudios.red\/index.php\/informes\/\" \/>\n<meta property=\"og:locale\" content=\"es_ES\" \/>\n<meta property=\"og:type\" content=\"article\" \/>\n<meta property=\"og:title\" content=\"Informes - ESTUDIOS.RED\" \/>\n<meta property=\"og:description\" content=\"Nivel del alumnado Informe PISA PISA, Programme for International Student Assessment, en ingl\u00e9s) contribuye a evaluar de forma sistem\u00e1tica lo que los j\u00f3venes saben y son capaces de hacer al finalizar su Educaci\u00f3n Secundaria Obligatoria (ESO) en m\u00e1s de 80 pa\u00edses del mundo. \u00bfC\u00f3mo funciona PISA? UNESCO: Los futuros de la educaci\u00f3n Informe de la [&hellip;]\" \/>\n<meta property=\"og:url\" content=\"https:\/\/estudios.red\/index.php\/informes\/\" \/>\n<meta property=\"og:site_name\" content=\"ESTUDIOS.RED\" \/>\n<meta property=\"article:modified_time\" content=\"2021-06-01T10:18:35+00:00\" \/>\n<meta property=\"og:image\" content=\"https:\/\/estudios.red\/wp-content\/uploads\/2020\/02\/bg-04-free-img.jpg\" \/>\n<meta name=\"twitter:card\" content=\"summary_large_image\" \/>\n<meta name=\"twitter:label1\" content=\"Tiempo de lectura\" \/>\n\t<meta name=\"twitter:data1\" content=\"1 minuto\" \/>\n<script type=\"application\/ld+json\" class=\"yoast-schema-graph\">{\"@context\":\"https:\\\/\\\/schema.org\",\"@graph\":[{\"@type\":\"WebPage\",\"@id\":\"https:\\\/\\\/estudios.red\\\/index.php\\\/informes\\\/\",\"url\":\"https:\\\/\\\/estudios.red\\\/index.php\\\/informes\\\/\",\"name\":\"Informes - ESTUDIOS.RED\",\"isPartOf\":{\"@id\":\"https:\\\/\\\/estudios.red\\\/#website\"},\"primaryImageOfPage\":{\"@id\":\"https:\\\/\\\/estudios.red\\\/index.php\\\/informes\\\/#primaryimage\"},\"image\":{\"@id\":\"https:\\\/\\\/estudios.red\\\/index.php\\\/informes\\\/#primaryimage\"},\"thumbnailUrl\":\"https:\\\/\\\/estudios.red\\\/wp-content\\\/uploads\\\/2020\\\/02\\\/bg-04-free-img.jpg\",\"datePublished\":\"2020-10-22T10:01:06+00:00\",\"dateModified\":\"2021-06-01T10:18:35+00:00\",\"breadcrumb\":{\"@id\":\"https:\\\/\\\/estudios.red\\\/index.php\\\/informes\\\/#breadcrumb\"},\"inLanguage\":\"es\",\"potentialAction\":[{\"@type\":\"ReadAction\",\"target\":[\"https:\\\/\\\/estudios.red\\\/index.php\\\/informes\\\/\"]}]},{\"@type\":\"ImageObject\",\"inLanguage\":\"es\",\"@id\":\"https:\\\/\\\/estudios.red\\\/index.php\\\/informes\\\/#primaryimage\",\"url\":\"https:\\\/\\\/estudios.red\\\/wp-content\\\/uploads\\\/2020\\\/02\\\/bg-04-free-img.jpg\",\"contentUrl\":\"https:\\\/\\\/estudios.red\\\/wp-content\\\/uploads\\\/2020\\\/02\\\/bg-04-free-img.jpg\",\"width\":1920,\"height\":700,\"caption\":\"Background Image\"},{\"@type\":\"BreadcrumbList\",\"@id\":\"https:\\\/\\\/estudios.red\\\/index.php\\\/informes\\\/#breadcrumb\",\"itemListElement\":[{\"@type\":\"ListItem\",\"position\":1,\"name\":\"Portada\",\"item\":\"https:\\\/\\\/estudios.red\\\/\"},{\"@type\":\"ListItem\",\"position\":2,\"name\":\"Informes\"}]},{\"@type\":\"WebSite\",\"@id\":\"https:\\\/\\\/estudios.red\\\/#website\",\"url\":\"https:\\\/\\\/estudios.red\\\/\",\"name\":\"ESTUDIOS.RED\",\"description\":\"RED DE CENTROS EDUCATIVOS\",\"publisher\":{\"@id\":\"https:\\\/\\\/estudios.red\\\/#organization\"},\"potentialAction\":[{\"@type\":\"SearchAction\",\"target\":{\"@type\":\"EntryPoint\",\"urlTemplate\":\"https:\\\/\\\/estudios.red\\\/?s={search_term_string}\"},\"query-input\":{\"@type\":\"PropertyValueSpecification\",\"valueRequired\":true,\"valueName\":\"search_term_string\"}}],\"inLanguage\":\"es\"},{\"@type\":\"Organization\",\"@id\":\"https:\\\/\\\/estudios.red\\\/#organization\",\"name\":\"ESTUDIOS.RED\",\"url\":\"https:\\\/\\\/estudios.red\\\/\",\"logo\":{\"@type\":\"ImageObject\",\"inLanguage\":\"es\",\"@id\":\"https:\\\/\\\/estudios.red\\\/#\\\/schema\\\/logo\\\/image\\\/\",\"url\":\"https:\\\/\\\/estudios.red\\\/wp-content\\\/uploads\\\/2021\\\/04\\\/cropped-logo-estudios-2.png\",\"contentUrl\":\"https:\\\/\\\/estudios.red\\\/wp-content\\\/uploads\\\/2021\\\/04\\\/cropped-logo-estudios-2.png\",\"width\":562,\"height\":450,\"caption\":\"ESTUDIOS.RED\"},\"image\":{\"@id\":\"https:\\\/\\\/estudios.red\\\/#\\\/schema\\\/logo\\\/image\\\/\"}}]}<\/script>\n<!-- \/ Yoast SEO plugin. -->","yoast_head_json":{"title":"Informes - ESTUDIOS.RED","robots":{"index":"index","follow":"follow","max-snippet":"max-snippet:-1","max-image-preview":"max-image-preview:large","max-video-preview":"max-video-preview:-1"},"canonical":"https:\/\/estudios.red\/index.php\/informes\/","og_locale":"es_ES","og_type":"article","og_title":"Informes - ESTUDIOS.RED","og_description":"Nivel del alumnado Informe PISA PISA, Programme for International Student Assessment, en ingl\u00e9s) contribuye a evaluar de forma sistem\u00e1tica lo que los j\u00f3venes saben y son capaces de hacer al finalizar su Educaci\u00f3n Secundaria Obligatoria (ESO) en m\u00e1s de 80 pa\u00edses del mundo. \u00bfC\u00f3mo funciona PISA? UNESCO: Los futuros de la educaci\u00f3n Informe de la [&hellip;]","og_url":"https:\/\/estudios.red\/index.php\/informes\/","og_site_name":"ESTUDIOS.RED","article_modified_time":"2021-06-01T10:18:35+00:00","og_image":[{"url":"https:\/\/estudios.red\/wp-content\/uploads\/2020\/02\/bg-04-free-img.jpg","type":"","width":"","height":""}],"twitter_card":"summary_large_image","twitter_misc":{"Tiempo de lectura":"1 minuto"},"schema":{"@context":"https:\/\/schema.org","@graph":[{"@type":"WebPage","@id":"https:\/\/estudios.red\/index.php\/informes\/","url":"https:\/\/estudios.red\/index.php\/informes\/","name":"Informes - ESTUDIOS.RED","isPartOf":{"@id":"https:\/\/estudios.red\/#website"},"primaryImageOfPage":{"@id":"https:\/\/estudios.red\/index.php\/informes\/#primaryimage"},"image":{"@id":"https:\/\/estudios.red\/index.php\/informes\/#primaryimage"},"thumbnailUrl":"https:\/\/estudios.red\/wp-content\/uploads\/2020\/02\/bg-04-free-img.jpg","datePublished":"2020-10-22T10:01:06+00:00","dateModified":"2021-06-01T10:18:35+00:00","breadcrumb":{"@id":"https:\/\/estudios.red\/index.php\/informes\/#breadcrumb"},"inLanguage":"es","potentialAction":[{"@type":"ReadAction","target":["https:\/\/estudios.red\/index.php\/informes\/"]}]},{"@type":"ImageObject","inLanguage":"es","@id":"https:\/\/estudios.red\/index.php\/informes\/#primaryimage","url":"https:\/\/estudios.red\/wp-content\/uploads\/2020\/02\/bg-04-free-img.jpg","contentUrl":"https:\/\/estudios.red\/wp-content\/uploads\/2020\/02\/bg-04-free-img.jpg","width":1920,"height":700,"caption":"Background Image"},{"@type":"BreadcrumbList","@id":"https:\/\/estudios.red\/index.php\/informes\/#breadcrumb","itemListElement":[{"@type":"ListItem","position":1,"name":"Portada","item":"https:\/\/estudios.red\/"},{"@type":"ListItem","position":2,"name":"Informes"}]},{"@type":"WebSite","@id":"https:\/\/estudios.red\/#website","url":"https:\/\/estudios.red\/","name":"ESTUDIOS.RED","description":"RED DE CENTROS EDUCATIVOS","publisher":{"@id":"https:\/\/estudios.red\/#organization"},"potentialAction":[{"@type":"SearchAction","target":{"@type":"EntryPoint","urlTemplate":"https:\/\/estudios.red\/?s={search_term_string}"},"query-input":{"@type":"PropertyValueSpecification","valueRequired":true,"valueName":"search_term_string"}}],"inLanguage":"es"},{"@type":"Organization","@id":"https:\/\/estudios.red\/#organization","name":"ESTUDIOS.RED","url":"https:\/\/estudios.red\/","logo":{"@type":"ImageObject","inLanguage":"es","@id":"https:\/\/estudios.red\/#\/schema\/logo\/image\/","url":"https:\/\/estudios.red\/wp-content\/uploads\/2021\/04\/cropped-logo-estudios-2.png","contentUrl":"https:\/\/estudios.red\/wp-content\/uploads\/2021\/04\/cropped-logo-estudios-2.png","width":562,"height":450,"caption":"ESTUDIOS.RED"},"image":{"@id":"https:\/\/estudios.red\/#\/schema\/logo\/image\/"}}]}},"_links":{"self":[{"href":"https:\/\/estudios.red\/index.php\/wp-json\/wp\/v2\/pages\/958","targetHints":{"allow":["GET"]}}],"collection":[{"href":"https:\/\/estudios.red\/index.php\/wp-json\/wp\/v2\/pages"}],"about":[{"href":"https:\/\/estudios.red\/index.php\/wp-json\/wp\/v2\/types\/page"}],"author":[{"embeddable":true,"href":"https:\/\/estudios.red\/index.php\/wp-json\/wp\/v2\/users\/1"}],"replies":[{"embeddable":true,"href":"https:\/\/estudios.red\/index.php\/wp-json\/wp\/v2\/comments?post=958"}],"version-history":[{"count":6,"href":"https:\/\/estudios.red\/index.php\/wp-json\/wp\/v2\/pages\/958\/revisions"}],"predecessor-version":[{"id":1370,"href":"https:\/\/estudios.red\/index.php\/wp-json\/wp\/v2\/pages\/958\/revisions\/1370"}],"wp:attachment":[{"href":"https:\/\/estudios.red\/index.php\/wp-json\/wp\/v2\/media?parent=958"}],"curies":[{"name":"wp","href":"https:\/\/api.w.org\/{rel}","templated":true}]}}