{"id":956,"date":"2020-10-22T10:00:27","date_gmt":"2020-10-22T10:00:27","guid":{"rendered":"https:\/\/estudios.red\/index.php\/all-courses\/"},"modified":"2021-06-01T21:04:38","modified_gmt":"2021-06-01T21:04:38","slug":"cursos-2","status":"publish","type":"page","link":"https:\/\/estudios.red\/index.php\/cursos-2\/","title":{"rendered":"Cursos"},"content":{"rendered":"\n<div class=\"wp-block-cover alignfull has-background-dim-80 has-background-dim\" style=\"background-color:#007991;min-height:480px;aspect-ratio:unset;\"><img loading=\"lazy\" decoding=\"async\" width=\"1920\" height=\"700\" class=\"wp-block-cover__image-background wp-image-170\" alt=\"\" src=\"https:\/\/estudios.red\/wp-content\/uploads\/2020\/02\/bg-08-free-img.jpg\" data-object-fit=\"cover\" srcset=\"https:\/\/estudios.red\/wp-content\/uploads\/2020\/02\/bg-08-free-img.jpg 1920w, https:\/\/estudios.red\/wp-content\/uploads\/2020\/02\/bg-08-free-img-300x109.jpg 300w, https:\/\/estudios.red\/wp-content\/uploads\/2020\/02\/bg-08-free-img-1024x373.jpg 1024w, https:\/\/estudios.red\/wp-content\/uploads\/2020\/02\/bg-08-free-img-768x280.jpg 768w, https:\/\/estudios.red\/wp-content\/uploads\/2020\/02\/bg-08-free-img-1536x560.jpg 1536w\" sizes=\"auto, (max-width: 1920px) 100vw, 1920px\" \/><div class=\"wp-block-cover__inner-container is-layout-flow wp-block-cover-is-layout-flow\">\n<h1 class=\"has-white-color has-text-color wp-block-heading\">Cursos MOOC<\/h1>\n\n\n\n<p class=\"has-text-align-left\"><em>Massive Online Open Courses<\/em> son <strong>Cursos online masivos y abiertos<\/strong>.  <\/p>\n\n\n\n<p class=\"has-text-align-left\">Son cursos a distancia, accesibles por internet al que se puede apuntar cualquier persona y no tiene l\u00edmite de participantes.<\/p>\n<\/div><\/div>\n\n\n\n<div class=\"wp-block-group alignfull has-white-background-color has-background\"><div class=\"wp-block-group__inner-container is-layout-flow wp-block-group-is-layout-flow\">\n<div class=\"wp-block-columns are-vertically-aligned-center is-layout-flex wp-container-core-columns-is-layout-28f84493 wp-block-columns-is-layout-flex\">\n<div class=\"wp-block-column is-vertically-aligned-center is-layout-flow wp-block-column-is-layout-flow\" style=\"flex-basis:33.33%\">\n<h6 class=\"wp-block-heading\">Cursos de Coursera<\/h6>\n\n\n\n<h2 class=\"wp-block-heading\">Cursos populares<\/h2>\n<\/div>\n\n\n\n<div class=\"wp-block-column is-vertically-aligned-center is-layout-flow wp-block-column-is-layout-flow\" style=\"flex-basis:66.66%\">\n<p>Te mostramos una lista de algunos de los cursos m\u00e1s populares de esta plataforma<\/p>\n<\/div>\n<\/div>\n\n\n\n<h2 class=\"has-vivid-green-cyan-color has-text-color wp-block-heading\">Algunas plataformas de publicaci\u00f3n de cursos MOOC<\/h2>\n\n\n\n<ul class=\"has-luminous-vivid-amber-background-color has-background wp-block-list\"><li>EdX:&nbsp;<a href=\"http:\/\/www.edx.org\/\" target=\"_blank\" rel=\"noreferrer noopener\">www.edx.org<\/a><\/li><\/ul>\n\n\n\n<p>Fundada en 2012 con la uni\u00f3n de las plataformas anteriores de la Universidad de Harvard y el MIT.<\/p>\n\n\n\n<ul class=\"has-luminous-vivid-amber-background-color has-background wp-block-list\"><li>Coursera:&nbsp;<a href=\"http:\/\/www.coursera.org\/\" target=\"_blank\" rel=\"noreferrer noopener\">www.coursera.org<\/a><\/li><\/ul>\n\n\n\n<p>Nacida en 2011, desarrollada por profesores de la Universidad de Stanford.<\/p>\n\n\n\n<ul class=\"has-luminous-vivid-amber-background-color has-background wp-block-list\"><li>Future Learn:&nbsp;<a href=\"http:\/\/www.futurelearn.com\/\">www.futurelearn.com<\/a><\/li><\/ul>\n\n\n\n<p>Plataforma propiedad de la Open University (UK), creada a finales de 2012.<\/p>\n\n\n\n<ul class=\"has-luminous-vivid-amber-background-color has-background wp-block-list\"><li>MiriadaX:<a href=\"http:\/\/miriadax.net\/\" target=\"_blank\" rel=\"noreferrer noopener\">&nbsp;miriadax.net<\/a> <\/li><\/ul>\n\n\n\n<p>L\u00edder en cursos en lengua castellana, fue creada en 2013 por Telef\u00f3nica Educaci\u00f3n Digital y Universia. Desde junio de 2017, pertenece \u00fanicamente a Telef\u00f3nica Educaci\u00f3n Digital.<\/p>\n\n\n\n<ul class=\"has-luminous-vivid-amber-background-color has-background wp-block-list\"><li>Kadenze:&nbsp;<a href=\"http:\/\/www.kadenze.com\/\">www.kadenze.com<\/a><\/li><\/ul>\n\n\n\n<p>Nacida en 2015, est\u00e1 especializada en cursos sobre arte y tecnolog\u00eda aplicada a la creatividad.<\/p>\n\n\n\n<ul class=\"has-luminous-vivid-amber-background-color has-background wp-block-list\"><li>Open to Study:&nbsp;<a href=\"http:\/\/www.open2study%2Ccom\/\">www.open2study,com<\/a><\/li><\/ul>\n\n\n\n<p>Impulsada por el consorcio de Open Universities de Australia, fue fundada en 2013.<\/p>\n\n\n\n<ul class=\"has-luminous-vivid-amber-background-color has-background wp-block-list\"><li>Iversity:&nbsp;<a href=\"http:\/\/www.iversity.org\/\">www.iversity.org<\/a><\/li><\/ul>\n\n\n\n<p>Ofrece MOOCs desde octubre de 2012 en Alemania.<\/p>\n<\/div><\/div>\n\n\n\n<div style=\"height:38px\" aria-hidden=\"true\" class=\"wp-block-spacer\"><\/div>\n\n\n\n<p class=\"has-text-align-center has-pale-cyan-blue-background-color has-background\"><strong>Buscadores de cursos MOOC<\/strong><\/p>\n\n\n\n<p class=\"has-text-align-center has-light-green-cyan-background-color has-background\"><a href=\"http:\/\/courseroot.com\"><strong>Courseroot<\/strong><\/a><\/p>\n\n\n\n<p class=\"has-text-align-center has-light-green-cyan-background-color has-background\"><strong><a href=\"https:\/\/www.classcentral.com\/\">Classcentral<\/a><\/strong><\/p>\n\n\n\n<p class=\"has-text-align-center has-light-green-cyan-background-color has-background\"><a href=\"https:\/\/www.mooc-list.com\/\"><strong>Mooc-list<\/strong><\/a><\/p>\n\n\n\n<p class=\"has-text-align-center has-light-green-cyan-background-color has-background\"><a href=\"https:\/\/www.coursetalk.com\/\"><strong>Coursetalk<\/strong><\/a><\/p>\n\n\n\n<div style=\"height:50px\" aria-hidden=\"true\" class=\"wp-block-spacer\"><\/div>\n\n\n\n<p class=\"has-text-align-center has-pale-cyan-blue-background-color has-background\"><a href=\"https:\/\/www.freecodecamp.org\/news\/650-free-online-programming-computer-science-courses-you-can-start-this-summer-6c8905e6a3b2\/?gi=f2a47bf2a5d3\"><strong>+600 Cursos de programaci\u00f3n<\/strong><\/a><\/p>\n\n\n\n<p><\/p>\n\n\n\n<blockquote class=\"wp-block-quote is-style-large is-layout-flow wp-block-quote-is-layout-flow\"><p><a href=\"https:\/\/www.businessinsider.es\/estos-10-cursos-online-gratis-universidades-como-harvard-mit-850791?amp=1\" target=\"_blank\" rel=\"noreferrer noopener\"><strong>Los 10 mejores cursos de las universidades m\u00e1s prestigiosas del mundo<\/strong><\/a><\/p><\/blockquote>\n\n\n\n<div class=\"wp-block-group alignfull has-background is-layout-flow wp-block-group-is-layout-flow\" style=\"background-color:#f2f8f9\"><div class=\"wp-block-group__inner-container\"><\/div><\/div>\n\n\n\n<div class=\"wp-block-group alignfull has-background\" style=\"background-color:#ecf0f2\"><div class=\"wp-block-group__inner-container is-layout-flow wp-block-group-is-layout-flow\">\n<h2 class=\"has-text-align-center wp-block-heading\">Opina<\/h2>\n\n\n\n<p class=\"has-text-align-center\">Si quieres opinar sobre alguna Instituci\u00f3n Educativa, puedes hacerlo pulsando este bot\u00f3n. Las opiniones son an\u00f3nimas y tratadas con absoluta confidencialidad.<\/p>\n\n\n\n<div class=\"wp-block-buttons is-content-justification-center is-layout-flex wp-block-buttons-is-layout-flex\">\n<div class=\"wp-block-button\"><a class=\"wp-block-button__link\" href=\"mailto:info@estudios.red\">Opinar<\/a><\/div>\n<\/div>\n\n\n\n<p><\/p>\n<\/div><\/div>\n","protected":false},"excerpt":{"rendered":"<p>Cursos de Coursera Cursos populares Te mostramos una lista de algunos de los cursos m\u00e1s populares de esta plataforma Algunas plataformas de publicaci\u00f3n de cursos MOOC EdX:&nbsp;www.edx.org Fundada en 2012 con la uni\u00f3n de las plataformas anteriores de la Universidad de Harvard y el MIT. Coursera:&nbsp;www.coursera.org Nacida en 2011, desarrollada por profesores de la Universidad [&hellip;]<\/p>\n","protected":false},"author":1,"featured_media":0,"parent":0,"menu_order":0,"comment_status":"closed","ping_status":"closed","template":"","meta":{"site-sidebar-layout":"no-sidebar","site-content-layout":"plain-container","ast-site-content-layout":"default","site-content-style":"default","site-sidebar-style":"default","ast-global-header-display":"","ast-banner-title-visibility":"","ast-main-header-display":"","ast-hfb-above-header-display":"","ast-hfb-below-header-display":"","ast-hfb-mobile-header-display":"","site-post-title":"disabled","ast-breadcrumbs-content":"disabled","ast-featured-img":"disabled","footer-sml-layout":"","theme-transparent-header-meta":"enabled","adv-header-id-meta":"","stick-header-meta":"","header-above-stick-meta":"","header-main-stick-meta":"","header-below-stick-meta":"","astra-migrate-meta-layouts":"default","ast-page-background-enabled":"default","ast-page-background-meta":{"desktop":{"background-color":"","background-image":"","background-repeat":"repeat","background-position":"center center","background-size":"auto","background-attachment":"scroll","background-type":"","background-media":"","overlay-type":"","overlay-color":"","overlay-opacity":"","overlay-gradient":""},"tablet":{"background-color":"","background-image":"","background-repeat":"repeat","background-position":"center center","background-size":"auto","background-attachment":"scroll","background-type":"","background-media":"","overlay-type":"","overlay-color":"","overlay-opacity":"","overlay-gradient":""},"mobile":{"background-color":"","background-image":"","background-repeat":"repeat","background-position":"center center","background-size":"auto","background-attachment":"scroll","background-type":"","background-media":"","overlay-type":"","overlay-color":"","overlay-opacity":"","overlay-gradient":""}},"ast-content-background-meta":{"desktop":{"background-color":"var(--ast-global-color-5)","background-image":"","background-repeat":"repeat","background-position":"center center","background-size":"auto","background-attachment":"scroll","background-type":"","background-media":"","overlay-type":"","overlay-color":"","overlay-opacity":"","overlay-gradient":""},"tablet":{"background-color":"var(--ast-global-color-5)","background-image":"","background-repeat":"repeat","background-position":"center center","background-size":"auto","background-attachment":"scroll","background-type":"","background-media":"","overlay-type":"","overlay-color":"","overlay-opacity":"","overlay-gradient":""},"mobile":{"background-color":"var(--ast-global-color-5)","background-image":"","background-repeat":"repeat","background-position":"center center","background-size":"auto","background-attachment":"scroll","background-type":"","background-media":"","overlay-type":"","overlay-color":"","overlay-opacity":"","overlay-gradient":""}},"footnotes":""},"class_list":["post-956","page","type-page","status-publish","hentry"],"yoast_head":"<!-- This site is optimized with the Yoast SEO plugin v27.4 - https:\/\/yoast.com\/product\/yoast-seo-wordpress\/ -->\n<title>Cursos - ESTUDIOS.RED<\/title>\n<meta name=\"robots\" content=\"index, follow, max-snippet:-1, max-image-preview:large, max-video-preview:-1\" \/>\n<link rel=\"canonical\" href=\"https:\/\/estudios.red\/index.php\/cursos-2\/\" \/>\n<meta property=\"og:locale\" content=\"es_ES\" \/>\n<meta property=\"og:type\" content=\"article\" \/>\n<meta property=\"og:title\" content=\"Cursos - ESTUDIOS.RED\" \/>\n<meta property=\"og:description\" content=\"Cursos de Coursera Cursos populares Te mostramos una lista de algunos de los cursos m\u00e1s populares de esta plataforma Algunas plataformas de publicaci\u00f3n de cursos MOOC EdX:&nbsp;www.edx.org Fundada en 2012 con la uni\u00f3n de las plataformas anteriores de la Universidad de Harvard y el MIT. Coursera:&nbsp;www.coursera.org Nacida en 2011, desarrollada por profesores de la Universidad [&hellip;]\" \/>\n<meta property=\"og:url\" content=\"https:\/\/estudios.red\/index.php\/cursos-2\/\" \/>\n<meta property=\"og:site_name\" content=\"ESTUDIOS.RED\" \/>\n<meta property=\"article:modified_time\" content=\"2021-06-01T21:04:38+00:00\" \/>\n<meta property=\"og:image\" content=\"https:\/\/estudios.red\/wp-content\/uploads\/2020\/02\/bg-08-free-img.jpg\" \/>\n<meta name=\"twitter:card\" content=\"summary_large_image\" \/>\n<meta name=\"twitter:label1\" content=\"Tiempo de lectura\" \/>\n\t<meta name=\"twitter:data1\" content=\"2 minutos\" \/>\n<script type=\"application\/ld+json\" class=\"yoast-schema-graph\">{\"@context\":\"https:\\\/\\\/schema.org\",\"@graph\":[{\"@type\":\"WebPage\",\"@id\":\"https:\\\/\\\/estudios.red\\\/index.php\\\/cursos-2\\\/\",\"url\":\"https:\\\/\\\/estudios.red\\\/index.php\\\/cursos-2\\\/\",\"name\":\"Cursos - ESTUDIOS.RED\",\"isPartOf\":{\"@id\":\"https:\\\/\\\/estudios.red\\\/#website\"},\"primaryImageOfPage\":{\"@id\":\"https:\\\/\\\/estudios.red\\\/index.php\\\/cursos-2\\\/#primaryimage\"},\"image\":{\"@id\":\"https:\\\/\\\/estudios.red\\\/index.php\\\/cursos-2\\\/#primaryimage\"},\"thumbnailUrl\":\"https:\\\/\\\/estudios.red\\\/wp-content\\\/uploads\\\/2020\\\/02\\\/bg-08-free-img.jpg\",\"datePublished\":\"2020-10-22T10:00:27+00:00\",\"dateModified\":\"2021-06-01T21:04:38+00:00\",\"breadcrumb\":{\"@id\":\"https:\\\/\\\/estudios.red\\\/index.php\\\/cursos-2\\\/#breadcrumb\"},\"inLanguage\":\"es\",\"potentialAction\":[{\"@type\":\"ReadAction\",\"target\":[\"https:\\\/\\\/estudios.red\\\/index.php\\\/cursos-2\\\/\"]}]},{\"@type\":\"ImageObject\",\"inLanguage\":\"es\",\"@id\":\"https:\\\/\\\/estudios.red\\\/index.php\\\/cursos-2\\\/#primaryimage\",\"url\":\"https:\\\/\\\/estudios.red\\\/wp-content\\\/uploads\\\/2020\\\/02\\\/bg-08-free-img.jpg\",\"contentUrl\":\"https:\\\/\\\/estudios.red\\\/wp-content\\\/uploads\\\/2020\\\/02\\\/bg-08-free-img.jpg\",\"width\":1920,\"height\":700,\"caption\":\"Background Image\"},{\"@type\":\"BreadcrumbList\",\"@id\":\"https:\\\/\\\/estudios.red\\\/index.php\\\/cursos-2\\\/#breadcrumb\",\"itemListElement\":[{\"@type\":\"ListItem\",\"position\":1,\"name\":\"Portada\",\"item\":\"https:\\\/\\\/estudios.red\\\/\"},{\"@type\":\"ListItem\",\"position\":2,\"name\":\"Cursos\"}]},{\"@type\":\"WebSite\",\"@id\":\"https:\\\/\\\/estudios.red\\\/#website\",\"url\":\"https:\\\/\\\/estudios.red\\\/\",\"name\":\"ESTUDIOS.RED\",\"description\":\"RED DE CENTROS EDUCATIVOS\",\"publisher\":{\"@id\":\"https:\\\/\\\/estudios.red\\\/#organization\"},\"potentialAction\":[{\"@type\":\"SearchAction\",\"target\":{\"@type\":\"EntryPoint\",\"urlTemplate\":\"https:\\\/\\\/estudios.red\\\/?s={search_term_string}\"},\"query-input\":{\"@type\":\"PropertyValueSpecification\",\"valueRequired\":true,\"valueName\":\"search_term_string\"}}],\"inLanguage\":\"es\"},{\"@type\":\"Organization\",\"@id\":\"https:\\\/\\\/estudios.red\\\/#organization\",\"name\":\"ESTUDIOS.RED\",\"url\":\"https:\\\/\\\/estudios.red\\\/\",\"logo\":{\"@type\":\"ImageObject\",\"inLanguage\":\"es\",\"@id\":\"https:\\\/\\\/estudios.red\\\/#\\\/schema\\\/logo\\\/image\\\/\",\"url\":\"https:\\\/\\\/estudios.red\\\/wp-content\\\/uploads\\\/2021\\\/04\\\/cropped-logo-estudios-2.png\",\"contentUrl\":\"https:\\\/\\\/estudios.red\\\/wp-content\\\/uploads\\\/2021\\\/04\\\/cropped-logo-estudios-2.png\",\"width\":562,\"height\":450,\"caption\":\"ESTUDIOS.RED\"},\"image\":{\"@id\":\"https:\\\/\\\/estudios.red\\\/#\\\/schema\\\/logo\\\/image\\\/\"}}]}<\/script>\n<!-- \/ Yoast SEO plugin. -->","yoast_head_json":{"title":"Cursos - ESTUDIOS.RED","robots":{"index":"index","follow":"follow","max-snippet":"max-snippet:-1","max-image-preview":"max-image-preview:large","max-video-preview":"max-video-preview:-1"},"canonical":"https:\/\/estudios.red\/index.php\/cursos-2\/","og_locale":"es_ES","og_type":"article","og_title":"Cursos - ESTUDIOS.RED","og_description":"Cursos de Coursera Cursos populares Te mostramos una lista de algunos de los cursos m\u00e1s populares de esta plataforma Algunas plataformas de publicaci\u00f3n de cursos MOOC EdX:&nbsp;www.edx.org Fundada en 2012 con la uni\u00f3n de las plataformas anteriores de la Universidad de Harvard y el MIT. Coursera:&nbsp;www.coursera.org Nacida en 2011, desarrollada por profesores de la Universidad [&hellip;]","og_url":"https:\/\/estudios.red\/index.php\/cursos-2\/","og_site_name":"ESTUDIOS.RED","article_modified_time":"2021-06-01T21:04:38+00:00","og_image":[{"url":"https:\/\/estudios.red\/wp-content\/uploads\/2020\/02\/bg-08-free-img.jpg","type":"","width":"","height":""}],"twitter_card":"summary_large_image","twitter_misc":{"Tiempo de lectura":"2 minutos"},"schema":{"@context":"https:\/\/schema.org","@graph":[{"@type":"WebPage","@id":"https:\/\/estudios.red\/index.php\/cursos-2\/","url":"https:\/\/estudios.red\/index.php\/cursos-2\/","name":"Cursos - ESTUDIOS.RED","isPartOf":{"@id":"https:\/\/estudios.red\/#website"},"primaryImageOfPage":{"@id":"https:\/\/estudios.red\/index.php\/cursos-2\/#primaryimage"},"image":{"@id":"https:\/\/estudios.red\/index.php\/cursos-2\/#primaryimage"},"thumbnailUrl":"https:\/\/estudios.red\/wp-content\/uploads\/2020\/02\/bg-08-free-img.jpg","datePublished":"2020-10-22T10:00:27+00:00","dateModified":"2021-06-01T21:04:38+00:00","breadcrumb":{"@id":"https:\/\/estudios.red\/index.php\/cursos-2\/#breadcrumb"},"inLanguage":"es","potentialAction":[{"@type":"ReadAction","target":["https:\/\/estudios.red\/index.php\/cursos-2\/"]}]},{"@type":"ImageObject","inLanguage":"es","@id":"https:\/\/estudios.red\/index.php\/cursos-2\/#primaryimage","url":"https:\/\/estudios.red\/wp-content\/uploads\/2020\/02\/bg-08-free-img.jpg","contentUrl":"https:\/\/estudios.red\/wp-content\/uploads\/2020\/02\/bg-08-free-img.jpg","width":1920,"height":700,"caption":"Background Image"},{"@type":"BreadcrumbList","@id":"https:\/\/estudios.red\/index.php\/cursos-2\/#breadcrumb","itemListElement":[{"@type":"ListItem","position":1,"name":"Portada","item":"https:\/\/estudios.red\/"},{"@type":"ListItem","position":2,"name":"Cursos"}]},{"@type":"WebSite","@id":"https:\/\/estudios.red\/#website","url":"https:\/\/estudios.red\/","name":"ESTUDIOS.RED","description":"RED DE CENTROS EDUCATIVOS","publisher":{"@id":"https:\/\/estudios.red\/#organization"},"potentialAction":[{"@type":"SearchAction","target":{"@type":"EntryPoint","urlTemplate":"https:\/\/estudios.red\/?s={search_term_string}"},"query-input":{"@type":"PropertyValueSpecification","valueRequired":true,"valueName":"search_term_string"}}],"inLanguage":"es"},{"@type":"Organization","@id":"https:\/\/estudios.red\/#organization","name":"ESTUDIOS.RED","url":"https:\/\/estudios.red\/","logo":{"@type":"ImageObject","inLanguage":"es","@id":"https:\/\/estudios.red\/#\/schema\/logo\/image\/","url":"https:\/\/estudios.red\/wp-content\/uploads\/2021\/04\/cropped-logo-estudios-2.png","contentUrl":"https:\/\/estudios.red\/wp-content\/uploads\/2021\/04\/cropped-logo-estudios-2.png","width":562,"height":450,"caption":"ESTUDIOS.RED"},"image":{"@id":"https:\/\/estudios.red\/#\/schema\/logo\/image\/"}}]}},"_links":{"self":[{"href":"https:\/\/estudios.red\/index.php\/wp-json\/wp\/v2\/pages\/956","targetHints":{"allow":["GET"]}}],"collection":[{"href":"https:\/\/estudios.red\/index.php\/wp-json\/wp\/v2\/pages"}],"about":[{"href":"https:\/\/estudios.red\/index.php\/wp-json\/wp\/v2\/types\/page"}],"author":[{"embeddable":true,"href":"https:\/\/estudios.red\/index.php\/wp-json\/wp\/v2\/users\/1"}],"replies":[{"embeddable":true,"href":"https:\/\/estudios.red\/index.php\/wp-json\/wp\/v2\/comments?post=956"}],"version-history":[{"count":39,"href":"https:\/\/estudios.red\/index.php\/wp-json\/wp\/v2\/pages\/956\/revisions"}],"predecessor-version":[{"id":1500,"href":"https:\/\/estudios.red\/index.php\/wp-json\/wp\/v2\/pages\/956\/revisions\/1500"}],"wp:attachment":[{"href":"https:\/\/estudios.red\/index.php\/wp-json\/wp\/v2\/media?parent=956"}],"curies":[{"name":"wp","href":"https:\/\/api.w.org\/{rel}","templated":true}]}}