{"id":789,"date":"2020-10-22T10:00:05","date_gmt":"2020-10-22T10:00:05","guid":{"rendered":"https:\/\/estudios.red\/index.php\/about-us\/"},"modified":"2021-05-31T10:12:43","modified_gmt":"2021-05-31T10:12:43","slug":"rankings","status":"publish","type":"page","link":"https:\/\/estudios.red\/index.php\/rankings\/","title":{"rendered":"Rankings"},"content":{"rendered":"\n<div class=\"wp-block-cover alignfull has-background-dim-80 has-background-dim\" style=\"background-color:#007991;min-height:480px;aspect-ratio:unset;\"><img loading=\"lazy\" decoding=\"async\" width=\"1240\" height=\"1300\" class=\"wp-block-cover__image-background wp-image-1120\" alt=\"\" src=\"https:\/\/estudios.red\/wp-content\/uploads\/2020\/10\/pexels-photo-256490.jpeg\" style=\"object-position:13% 55%\" data-object-fit=\"cover\" data-object-position=\"13% 55%\" srcset=\"https:\/\/estudios.red\/wp-content\/uploads\/2020\/10\/pexels-photo-256490.jpeg 1240w, https:\/\/estudios.red\/wp-content\/uploads\/2020\/10\/pexels-photo-256490-286x300.jpeg 286w, https:\/\/estudios.red\/wp-content\/uploads\/2020\/10\/pexels-photo-256490-977x1024.jpeg 977w, https:\/\/estudios.red\/wp-content\/uploads\/2020\/10\/pexels-photo-256490-768x805.jpeg 768w\" sizes=\"auto, (max-width: 1240px) 100vw, 1240px\" \/><div class=\"wp-block-cover__inner-container is-layout-flow wp-block-cover-is-layout-flow\">\n<h1 class=\"has-white-color has-text-color wp-block-heading\">Rankings<\/h1>\n\n\n\n<p>Rankings de las mejores instituciones y centros de ense\u00f1anza a nivel global.<\/p>\n<\/div><\/div>\n\n\n\n<div class=\"wp-block-group alignfull has-white-background-color has-background\"><div class=\"wp-block-group__inner-container is-layout-flow wp-block-group-is-layout-flow\">\n<div class=\"wp-block-columns are-vertically-aligned-center is-layout-flex wp-container-core-columns-is-layout-28f84493 wp-block-columns-is-layout-flex\">\n<div class=\"wp-block-column is-vertically-aligned-center is-layout-flow wp-block-column-is-layout-flow\" style=\"flex-basis:33.33%\">\n<h2 class=\"wp-block-heading\">\u00bfPor qu\u00e9 es importante un ranking?<\/h2>\n<\/div>\n\n\n\n<div class=\"wp-block-column is-vertically-aligned-center is-layout-flow wp-block-column-is-layout-flow\" style=\"flex-basis:66.66%\">\n<p>Los rankings nos aportan informaci\u00f3n sobre cu\u00e1les son las mejores instituciones clasificadas por sus \u00e1reas de especializaci\u00f3n. <\/p>\n<\/div>\n<\/div>\n<\/div><\/div>\n\n\n\n<div class=\"wp-block-group alignfull has-background\" style=\"background-color:#f2f8f9\"><div class=\"wp-block-group__inner-container is-layout-flow wp-block-group-is-layout-flow\">\n<div class=\"wp-block-media-text alignwide is-stacked-on-mobile css-sello\" style=\"grid-template-columns:56% auto\"><figure class=\"wp-block-media-text__media\"><img loading=\"lazy\" decoding=\"async\" width=\"300\" height=\"300\" src=\"https:\/\/estudios.red\/wp-content\/uploads\/2021\/05\/sello1-300x300.png\" alt=\"Sello de excelencia\" class=\"wp-image-1119 size-medium\" srcset=\"https:\/\/estudios.red\/wp-content\/uploads\/2021\/05\/sello1-300x300.png 300w, https:\/\/estudios.red\/wp-content\/uploads\/2021\/05\/sello1-150x150.png 150w, https:\/\/estudios.red\/wp-content\/uploads\/2021\/05\/sello1.png 500w\" sizes=\"auto, (max-width: 300px) 100vw, 300px\" \/><\/figure><div class=\"wp-block-media-text__content\">\n<h3 class=\"wp-block-heading\">Ranking Magistri<\/h3>\n\n\n\n<p class=\"has-medium-font-size\"><em>Selecci\u00f3n de los mejores centros educativos atendiendo a la excelencia y calidad de los equipos docentes.<\/em> <\/p>\n\n\n\n<h5 class=\"wp-block-heading\"><\/h5>\n<\/div><\/div>\n<\/div><\/div>\n\n\n\n<div class=\"wp-block-group alignfull has-white-background-color has-background\"><div class=\"wp-block-group__inner-container is-layout-flow wp-block-group-is-layout-flow\">\n<div class=\"wp-block-columns are-vertically-aligned-top is-layout-flex wp-container-core-columns-is-layout-28f84493 wp-block-columns-is-layout-flex\">\n<div class=\"wp-block-column is-vertically-aligned-top is-layout-flow wp-block-column-is-layout-flow\" style=\"flex-basis:33.33%\">\n<h6 class=\"wp-block-heading\">Categor\u00edas<\/h6>\n\n\n\n<h2 class=\"wp-block-heading\">Valoraci\u00f3n de la excelencia<\/h2>\n<\/div>\n\n\n\n<div class=\"wp-block-column is-vertically-aligned-top is-layout-flow wp-block-column-is-layout-flow\" style=\"flex-basis:66.66%\">\n<h4 class=\"wp-block-heading\">Criterios<\/h4>\n\n\n\n<ol class=\"wp-block-list\"><li><span style=\"font-size: 1rem;\">Evoluci\u00f3n de cada instituci\u00f3n en otros rankings globales<\/span><\/li><li>An\u00e1lisis cualitativo basado en opiniones sobre instituciones educativas<\/li><li>Noticias y hechos relevantes<\/li><\/ol>\n\n\n\n<p><\/p>\n<\/div>\n<\/div>\n<\/div><\/div>\n\n\n\n<div class=\"wp-block-cover alignfull has-background-dim-80 has-background-dim has-parallax\" style=\"background-image:url(https:\/\/estudios.red\/wp-content\/uploads\/2020\/02\/bg-09-free-img.jpg);background-color:#ededed;min-height:350px;aspect-ratio:unset;\"><div class=\"wp-block-cover__inner-container is-layout-flow wp-block-cover-is-layout-flow\">\n<div class=\"wp-block-columns is-layout-flex wp-container-core-columns-is-layout-28f84493 wp-block-columns-is-layout-flex\">\n<div class=\"wp-block-column is-layout-flow wp-block-column-is-layout-flow\">\n<div class=\"wp-block-image\"><figure class=\"aligncenter size-large is-resized\"><img loading=\"lazy\" decoding=\"async\" src=\"https:\/\/estudios.red\/wp-content\/uploads\/2020\/10\/crown.png\" alt=\"\" class=\"wp-image-787\" width=\"45\" height=\"45\"\/><\/figure><\/div>\n\n\n\n<h4 class=\"has-text-align-center has-black-color has-text-color wp-block-heading\">Lo mejor de lo mejor<\/h4>\n\n\n\n<p class=\"has-text-align-center has-text-color\" style=\"color:#22323d\">El ranking Magistri refleja cuales son las mejores instituciones educativas bas\u00e1ndose en una cuidada selecci\u00f3n de las mejores instituciones que han sido ya seleccionadas en otros rankings especializados.  <\/p>\n<\/div>\n\n\n\n<div class=\"wp-block-column is-layout-flow wp-block-column-is-layout-flow\">\n<div class=\"wp-block-image\"><figure class=\"aligncenter size-large is-resized\"><img loading=\"lazy\" decoding=\"async\" src=\"https:\/\/estudios.red\/wp-content\/uploads\/2020\/10\/iconv2.png\" alt=\"\" class=\"wp-image-786\" width=\"45\" height=\"45\"\/><\/figure><\/div>\n\n\n\n<h4 class=\"has-text-align-center has-black-color has-text-color wp-block-heading\">Noticias relevantes<\/h4>\n\n\n\n<p class=\"has-text-align-center has-text-color\" style=\"color:#22323d\">Tenemos en cuenta actuaciones que han supuesto un impacto a nivel educativo en la calidad de la ense\u00f1anza.<\/p>\n<\/div>\n\n\n\n<div class=\"wp-block-column is-layout-flow wp-block-column-is-layout-flow\">\n<div class=\"wp-block-image\"><figure class=\"aligncenter size-large is-resized\"><img loading=\"lazy\" decoding=\"async\" src=\"https:\/\/estudios.red\/wp-content\/uploads\/2020\/10\/badge.png\" alt=\"\" class=\"wp-image-788\" width=\"45\" height=\"45\"\/><\/figure><\/div>\n\n\n\n<h4 class=\"has-text-align-center has-black-color has-text-color wp-block-heading\">An\u00e1lisis cualitativo<\/h4>\n\n\n\n<p class=\"has-text-align-center has-text-color\" style=\"color:#22323d\">Las publicaciones tanto negativas como positivas tambi\u00e9n se tienen en cuanta en la elaboraci\u00f3n del ranking Magistri.<\/p>\n<\/div>\n<\/div>\n<\/div><\/div>\n\n\n\n<div class=\"wp-block-group alignfull has-background\" style=\"background-color:#ecf0f2\"><div class=\"wp-block-group__inner-container is-layout-flow wp-block-group-is-layout-flow\">\n<h2 class=\"has-text-align-center wp-block-heading\">Opina<\/h2>\n\n\n\n<p class=\"has-text-align-center\">Si quieres opinar sobre alguna Instituci\u00f3n Educativa, puedes hacerlo pulsando este bot\u00f3n. Las opiniones son an\u00f3nimas y tratadas con absoluta confidencialidad.<\/p>\n\n\n\n<div class=\"wp-block-buttons is-content-justification-center is-layout-flex wp-block-buttons-is-layout-flex\">\n<div class=\"wp-block-button\"><a class=\"wp-block-button__link\" href=\"mailto:info@estudios.red\">Opinar<\/a><\/div>\n<\/div>\n\n\n\n<p><\/p>\n<\/div><\/div>\n","protected":false},"excerpt":{"rendered":"<p>\u00bfPor qu\u00e9 es importante un ranking? Los rankings nos aportan informaci\u00f3n sobre cu\u00e1les son las mejores instituciones clasificadas por sus \u00e1reas de especializaci\u00f3n. Ranking Magistri Selecci\u00f3n de los mejores centros educativos atendiendo a la excelencia y calidad de los equipos docentes. Categor\u00edas Valoraci\u00f3n de la excelencia Criterios Evoluci\u00f3n de cada instituci\u00f3n en otros rankings globales [&hellip;]<\/p>\n","protected":false},"author":1,"featured_media":0,"parent":0,"menu_order":0,"comment_status":"closed","ping_status":"closed","template":"","meta":{"site-sidebar-layout":"no-sidebar","site-content-layout":"plain-container","ast-site-content-layout":"default","site-content-style":"default","site-sidebar-style":"default","ast-global-header-display":"","ast-banner-title-visibility":"","ast-main-header-display":"","ast-hfb-above-header-display":"","ast-hfb-below-header-display":"","ast-hfb-mobile-header-display":"","site-post-title":"disabled","ast-breadcrumbs-content":"disabled","ast-featured-img":"disabled","footer-sml-layout":"","theme-transparent-header-meta":"enabled","adv-header-id-meta":"","stick-header-meta":"","header-above-stick-meta":"","header-main-stick-meta":"","header-below-stick-meta":"","astra-migrate-meta-layouts":"default","ast-page-background-enabled":"default","ast-page-background-meta":{"desktop":{"background-color":"","background-image":"","background-repeat":"repeat","background-position":"center center","background-size":"auto","background-attachment":"scroll","background-type":"","background-media":"","overlay-type":"","overlay-color":"","overlay-opacity":"","overlay-gradient":""},"tablet":{"background-color":"","background-image":"","background-repeat":"repeat","background-position":"center center","background-size":"auto","background-attachment":"scroll","background-type":"","background-media":"","overlay-type":"","overlay-color":"","overlay-opacity":"","overlay-gradient":""},"mobile":{"background-color":"","background-image":"","background-repeat":"repeat","background-position":"center center","background-size":"auto","background-attachment":"scroll","background-type":"","background-media":"","overlay-type":"","overlay-color":"","overlay-opacity":"","overlay-gradient":""}},"ast-content-background-meta":{"desktop":{"background-color":"var(--ast-global-color-5)","background-image":"","background-repeat":"repeat","background-position":"center center","background-size":"auto","background-attachment":"scroll","background-type":"","background-media":"","overlay-type":"","overlay-color":"","overlay-opacity":"","overlay-gradient":""},"tablet":{"background-color":"var(--ast-global-color-5)","background-image":"","background-repeat":"repeat","background-position":"center center","background-size":"auto","background-attachment":"scroll","background-type":"","background-media":"","overlay-type":"","overlay-color":"","overlay-opacity":"","overlay-gradient":""},"mobile":{"background-color":"var(--ast-global-color-5)","background-image":"","background-repeat":"repeat","background-position":"center center","background-size":"auto","background-attachment":"scroll","background-type":"","background-media":"","overlay-type":"","overlay-color":"","overlay-opacity":"","overlay-gradient":""}},"footnotes":""},"class_list":["post-789","page","type-page","status-publish","hentry"],"yoast_head":"<!-- This site is optimized with the Yoast SEO plugin v27.4 - https:\/\/yoast.com\/product\/yoast-seo-wordpress\/ -->\n<title>Rankings - ESTUDIOS.RED<\/title>\n<meta name=\"robots\" content=\"index, follow, max-snippet:-1, max-image-preview:large, max-video-preview:-1\" \/>\n<link rel=\"canonical\" href=\"https:\/\/estudios.red\/index.php\/rankings\/\" \/>\n<meta property=\"og:locale\" content=\"es_ES\" \/>\n<meta property=\"og:type\" content=\"article\" \/>\n<meta property=\"og:title\" content=\"Rankings - ESTUDIOS.RED\" \/>\n<meta property=\"og:description\" content=\"\u00bfPor qu\u00e9 es importante un ranking? Los rankings nos aportan informaci\u00f3n sobre cu\u00e1les son las mejores instituciones clasificadas por sus \u00e1reas de especializaci\u00f3n. Ranking Magistri Selecci\u00f3n de los mejores centros educativos atendiendo a la excelencia y calidad de los equipos docentes. Categor\u00edas Valoraci\u00f3n de la excelencia Criterios Evoluci\u00f3n de cada instituci\u00f3n en otros rankings globales [&hellip;]\" \/>\n<meta property=\"og:url\" content=\"https:\/\/estudios.red\/index.php\/rankings\/\" \/>\n<meta property=\"og:site_name\" content=\"ESTUDIOS.RED\" \/>\n<meta property=\"article:modified_time\" content=\"2021-05-31T10:12:43+00:00\" \/>\n<meta property=\"og:image\" content=\"https:\/\/estudios.red\/wp-content\/uploads\/2020\/10\/pexels-photo-256490.jpeg\" \/>\n<meta name=\"twitter:card\" content=\"summary_large_image\" \/>\n<meta name=\"twitter:label1\" content=\"Tiempo de lectura\" \/>\n\t<meta name=\"twitter:data1\" content=\"2 minutos\" \/>\n<script type=\"application\/ld+json\" class=\"yoast-schema-graph\">{\"@context\":\"https:\\\/\\\/schema.org\",\"@graph\":[{\"@type\":\"WebPage\",\"@id\":\"https:\\\/\\\/estudios.red\\\/index.php\\\/rankings\\\/\",\"url\":\"https:\\\/\\\/estudios.red\\\/index.php\\\/rankings\\\/\",\"name\":\"Rankings - ESTUDIOS.RED\",\"isPartOf\":{\"@id\":\"https:\\\/\\\/estudios.red\\\/#website\"},\"primaryImageOfPage\":{\"@id\":\"https:\\\/\\\/estudios.red\\\/index.php\\\/rankings\\\/#primaryimage\"},\"image\":{\"@id\":\"https:\\\/\\\/estudios.red\\\/index.php\\\/rankings\\\/#primaryimage\"},\"thumbnailUrl\":\"https:\\\/\\\/estudios.red\\\/wp-content\\\/uploads\\\/2020\\\/10\\\/pexels-photo-256490.jpeg\",\"datePublished\":\"2020-10-22T10:00:05+00:00\",\"dateModified\":\"2021-05-31T10:12:43+00:00\",\"breadcrumb\":{\"@id\":\"https:\\\/\\\/estudios.red\\\/index.php\\\/rankings\\\/#breadcrumb\"},\"inLanguage\":\"es\",\"potentialAction\":[{\"@type\":\"ReadAction\",\"target\":[\"https:\\\/\\\/estudios.red\\\/index.php\\\/rankings\\\/\"]}]},{\"@type\":\"ImageObject\",\"inLanguage\":\"es\",\"@id\":\"https:\\\/\\\/estudios.red\\\/index.php\\\/rankings\\\/#primaryimage\",\"url\":\"https:\\\/\\\/estudios.red\\\/wp-content\\\/uploads\\\/2020\\\/10\\\/pexels-photo-256490.jpeg\",\"contentUrl\":\"https:\\\/\\\/estudios.red\\\/wp-content\\\/uploads\\\/2020\\\/10\\\/pexels-photo-256490.jpeg\",\"width\":1240,\"height\":1300,\"caption\":\"Photo by Pixabay on Pexels.com\"},{\"@type\":\"BreadcrumbList\",\"@id\":\"https:\\\/\\\/estudios.red\\\/index.php\\\/rankings\\\/#breadcrumb\",\"itemListElement\":[{\"@type\":\"ListItem\",\"position\":1,\"name\":\"Portada\",\"item\":\"https:\\\/\\\/estudios.red\\\/\"},{\"@type\":\"ListItem\",\"position\":2,\"name\":\"Rankings\"}]},{\"@type\":\"WebSite\",\"@id\":\"https:\\\/\\\/estudios.red\\\/#website\",\"url\":\"https:\\\/\\\/estudios.red\\\/\",\"name\":\"ESTUDIOS.RED\",\"description\":\"RED DE CENTROS EDUCATIVOS\",\"publisher\":{\"@id\":\"https:\\\/\\\/estudios.red\\\/#organization\"},\"potentialAction\":[{\"@type\":\"SearchAction\",\"target\":{\"@type\":\"EntryPoint\",\"urlTemplate\":\"https:\\\/\\\/estudios.red\\\/?s={search_term_string}\"},\"query-input\":{\"@type\":\"PropertyValueSpecification\",\"valueRequired\":true,\"valueName\":\"search_term_string\"}}],\"inLanguage\":\"es\"},{\"@type\":\"Organization\",\"@id\":\"https:\\\/\\\/estudios.red\\\/#organization\",\"name\":\"ESTUDIOS.RED\",\"url\":\"https:\\\/\\\/estudios.red\\\/\",\"logo\":{\"@type\":\"ImageObject\",\"inLanguage\":\"es\",\"@id\":\"https:\\\/\\\/estudios.red\\\/#\\\/schema\\\/logo\\\/image\\\/\",\"url\":\"https:\\\/\\\/estudios.red\\\/wp-content\\\/uploads\\\/2021\\\/04\\\/cropped-logo-estudios-2.png\",\"contentUrl\":\"https:\\\/\\\/estudios.red\\\/wp-content\\\/uploads\\\/2021\\\/04\\\/cropped-logo-estudios-2.png\",\"width\":562,\"height\":450,\"caption\":\"ESTUDIOS.RED\"},\"image\":{\"@id\":\"https:\\\/\\\/estudios.red\\\/#\\\/schema\\\/logo\\\/image\\\/\"}}]}<\/script>\n<!-- \/ Yoast SEO plugin. -->","yoast_head_json":{"title":"Rankings - ESTUDIOS.RED","robots":{"index":"index","follow":"follow","max-snippet":"max-snippet:-1","max-image-preview":"max-image-preview:large","max-video-preview":"max-video-preview:-1"},"canonical":"https:\/\/estudios.red\/index.php\/rankings\/","og_locale":"es_ES","og_type":"article","og_title":"Rankings - ESTUDIOS.RED","og_description":"\u00bfPor qu\u00e9 es importante un ranking? Los rankings nos aportan informaci\u00f3n sobre cu\u00e1les son las mejores instituciones clasificadas por sus \u00e1reas de especializaci\u00f3n. Ranking Magistri Selecci\u00f3n de los mejores centros educativos atendiendo a la excelencia y calidad de los equipos docentes. Categor\u00edas Valoraci\u00f3n de la excelencia Criterios Evoluci\u00f3n de cada instituci\u00f3n en otros rankings globales [&hellip;]","og_url":"https:\/\/estudios.red\/index.php\/rankings\/","og_site_name":"ESTUDIOS.RED","article_modified_time":"2021-05-31T10:12:43+00:00","og_image":[{"url":"https:\/\/estudios.red\/wp-content\/uploads\/2020\/10\/pexels-photo-256490.jpeg","type":"","width":"","height":""}],"twitter_card":"summary_large_image","twitter_misc":{"Tiempo de lectura":"2 minutos"},"schema":{"@context":"https:\/\/schema.org","@graph":[{"@type":"WebPage","@id":"https:\/\/estudios.red\/index.php\/rankings\/","url":"https:\/\/estudios.red\/index.php\/rankings\/","name":"Rankings - ESTUDIOS.RED","isPartOf":{"@id":"https:\/\/estudios.red\/#website"},"primaryImageOfPage":{"@id":"https:\/\/estudios.red\/index.php\/rankings\/#primaryimage"},"image":{"@id":"https:\/\/estudios.red\/index.php\/rankings\/#primaryimage"},"thumbnailUrl":"https:\/\/estudios.red\/wp-content\/uploads\/2020\/10\/pexels-photo-256490.jpeg","datePublished":"2020-10-22T10:00:05+00:00","dateModified":"2021-05-31T10:12:43+00:00","breadcrumb":{"@id":"https:\/\/estudios.red\/index.php\/rankings\/#breadcrumb"},"inLanguage":"es","potentialAction":[{"@type":"ReadAction","target":["https:\/\/estudios.red\/index.php\/rankings\/"]}]},{"@type":"ImageObject","inLanguage":"es","@id":"https:\/\/estudios.red\/index.php\/rankings\/#primaryimage","url":"https:\/\/estudios.red\/wp-content\/uploads\/2020\/10\/pexels-photo-256490.jpeg","contentUrl":"https:\/\/estudios.red\/wp-content\/uploads\/2020\/10\/pexels-photo-256490.jpeg","width":1240,"height":1300,"caption":"Photo by Pixabay on Pexels.com"},{"@type":"BreadcrumbList","@id":"https:\/\/estudios.red\/index.php\/rankings\/#breadcrumb","itemListElement":[{"@type":"ListItem","position":1,"name":"Portada","item":"https:\/\/estudios.red\/"},{"@type":"ListItem","position":2,"name":"Rankings"}]},{"@type":"WebSite","@id":"https:\/\/estudios.red\/#website","url":"https:\/\/estudios.red\/","name":"ESTUDIOS.RED","description":"RED DE CENTROS EDUCATIVOS","publisher":{"@id":"https:\/\/estudios.red\/#organization"},"potentialAction":[{"@type":"SearchAction","target":{"@type":"EntryPoint","urlTemplate":"https:\/\/estudios.red\/?s={search_term_string}"},"query-input":{"@type":"PropertyValueSpecification","valueRequired":true,"valueName":"search_term_string"}}],"inLanguage":"es"},{"@type":"Organization","@id":"https:\/\/estudios.red\/#organization","name":"ESTUDIOS.RED","url":"https:\/\/estudios.red\/","logo":{"@type":"ImageObject","inLanguage":"es","@id":"https:\/\/estudios.red\/#\/schema\/logo\/image\/","url":"https:\/\/estudios.red\/wp-content\/uploads\/2021\/04\/cropped-logo-estudios-2.png","contentUrl":"https:\/\/estudios.red\/wp-content\/uploads\/2021\/04\/cropped-logo-estudios-2.png","width":562,"height":450,"caption":"ESTUDIOS.RED"},"image":{"@id":"https:\/\/estudios.red\/#\/schema\/logo\/image\/"}}]}},"_links":{"self":[{"href":"https:\/\/estudios.red\/index.php\/wp-json\/wp\/v2\/pages\/789","targetHints":{"allow":["GET"]}}],"collection":[{"href":"https:\/\/estudios.red\/index.php\/wp-json\/wp\/v2\/pages"}],"about":[{"href":"https:\/\/estudios.red\/index.php\/wp-json\/wp\/v2\/types\/page"}],"author":[{"embeddable":true,"href":"https:\/\/estudios.red\/index.php\/wp-json\/wp\/v2\/users\/1"}],"replies":[{"embeddable":true,"href":"https:\/\/estudios.red\/index.php\/wp-json\/wp\/v2\/comments?post=789"}],"version-history":[{"count":8,"href":"https:\/\/estudios.red\/index.php\/wp-json\/wp\/v2\/pages\/789\/revisions"}],"predecessor-version":[{"id":1161,"href":"https:\/\/estudios.red\/index.php\/wp-json\/wp\/v2\/pages\/789\/revisions\/1161"}],"wp:attachment":[{"href":"https:\/\/estudios.red\/index.php\/wp-json\/wp\/v2\/media?parent=789"}],"curies":[{"name":"wp","href":"https:\/\/api.w.org\/{rel}","templated":true}]}}